{"id":3001,"date":"2024-08-08T12:33:43","date_gmt":"2024-08-08T10:33:43","guid":{"rendered":"https:\/\/escenacreadores.com\/proteccion-de-datos\/"},"modified":"2025-02-12T10:59:10","modified_gmt":"2025-02-12T09:59:10","slug":"privacy-policy","status":"publish","type":"page","link":"https:\/\/escenacreadores.com\/en\/privacy-policy\/","title":{"rendered":"Privacy policy"},"content":{"rendered":"<p><strong>1. Datos relativos al Responsable. Responsable Tratamiento<\/strong><br \/>\n&#8211; Entidad: ASOCIACI\u00d3N CREADORES RESIDENCIAS TEATRALES<br \/>\n&#8211; CIF de la entidad: G40523128<br \/>\n&#8211; Direcci\u00f3n de la entidad: C\/ CUENCA, 45-1 &#8211; (46018) VALENCIA<br \/>\n&#8211; Email de la entidad: <a href=\"mailto:ESCENACREADORES@GMAIL.COM\">ESCENACREADORES@GMAIL.COM<\/a><br \/>\n&#8211; Responsable del tratamiento : J\u00c9SSICA MART\u00cdNEZ VILLALBA<br \/>\n&#8211; Tel\u00e9fono del Responsable del tratamiento : 669965248<br \/>\n&#8211; Direcci\u00f3n email del Responsable del tratamiento : <a href=\"mailto:ESCENACREADORES@GMAIL.COM\">ESCENACREADORES@GMAIL.COM<\/a><\/p>\n<p><strong>2. Finalidades<\/strong><\/p>\n<p>En cumplimiento de lo dispuesto en el Reglamento Europeo 2016\/679 General de Protecci\u00f3n de Datos y la Ley Org\u00e1nica 3\/2018 de Protecci\u00f3n de Datos Personales y Garant\u00eda de Derechos Digitales, le informamos de que, dependiendo de la relaci\u00f3n que tenga con nosotros, en ASOCIACI\u00d3N CREADORES RESIDENCIAS TEATRALES tratamos los datos que nos facilita para alguna, o todas, las siguientes finalidades:<br \/>\nConsulta online<br \/>\nEnv\u00edo de informaci\u00f3n comercial de la entidad mediante correo postal, correo electr\u00f3nico u otros<br \/>\nInformaci\u00f3n procedente de Cookies<br \/>\nInscripci\u00f3n en la asociaci\u00f3n (hacerse socio de la entidad)<br \/>\nSuscripci\u00f3n a newsletter<\/p>\n<p><strong>3. Plazo de conservaci\u00f3n de los datos<\/strong><\/p>\n<p>Sus datos ser\u00e1n conservados por un plazo de indefinido. En el caso que requiera su eliminaci\u00f3n de forma anticipada, solic\u00edtelo mediante el ejercicio del derecho de supresi\u00f3n. As\u00ed mismo, los datos que por motivos legales deban ser almacenados durante un tiempo necesario para cumplir normas espec\u00edficas, ser\u00e1n bloqueados y \u00fanicamente estar\u00e1n a disposici\u00f3n de la autoridad p\u00fablica correspondiente.<\/p>\n<p><strong>4. Legitimaci\u00f3n<\/strong><\/p>\n<p>La base legal para el tratamiento de tus datos radica por:<br \/>\nConsentimiento inequ\u00edvoco<\/p>\n<p><strong>5. Destinatarios<\/strong><\/p>\n<p>Sus datos personales ser\u00e1n comunicados a terceros en los siguientes supuestos:<br \/>\nNo comparto los datos con terceros.<\/p>\n<p><strong>6. Derechos<\/strong><\/p>\n<p>Tiene derecho a obtener confirmaci\u00f3n sobre si en ASOCIACI\u00d3N CREADORES RESIDENCIAS TEATRALES estamos tratando datos personales que le conciernan, o no.<br \/>\nAsimismo, tiene derecho de acceso a sus datos personales, as\u00ed como a solicitar la rectificaci\u00f3n de los datos inexactos o, en su caso, solicitar su supresi\u00f3n cuando, entre otros motivos, los datos ya no sean necesarios para los fines que fueron recogidos.<br \/>\nEn determinadas circunstancias, podr\u00e1 solicitar la limitaci\u00f3n del tratamiento de sus datos, en cuyo caso \u00fanicamente los conservaremos para el ejercicio o la defensa de reclamaciones.<br \/>\nAdicionalmente, en determinadas circunstancias y por motivos relacionados con tu situaci\u00f3n particular, podr\u00e1 ejercer el derecho de oposici\u00f3n al tratamiento de sus datos. ASOCIACI\u00d3N CREADORES RESIDENCIAS TEATRALES dejar\u00e1 de tratar los datos, salvo por motivos leg\u00edtimos imperiosos, o el ejercicio o la defensa de posibles reclamaciones.<br \/>\nAsimismo, puede ejercer el derecho a la portabilidad de los datos, as\u00ed como retirar los consentimientos facilitados en cualquier momento, sin que ello afecte a la licitud del tratamiento basado en el consentimiento previo a su retirada.<br \/>\nSi desea hacer uso de cualquiera de tus derechos puede realizarlos a trav\u00e9s de los enlaces habilitados que encontrar\u00e1 a continuaci\u00f3n:<br \/>\nPara ejercer su derecho de Acceso haga clic <a href=\"mailto:ESCENACREADORES@GMAIL.COM\">aqu\u00ed<\/a><br \/>\nPara ejercer su derecho de Rectificaci\u00f3n haga clic <a href=\"mailto:ESCENACREADORES@GMAIL.COM\">aqu\u00ed<\/a><br \/>\nPara ejercer su derecho de Supresi\u00f3n (Olvido) haga clic <a href=\"mailto:ESCENACREADORES@GMAIL.COM\">aqu\u00ed<\/a><br \/>\nPara ejercer su derecho de Limitaci\u00f3n del Tratamiento haga clic <a href=\"mailto:ESCENACREADORES@GMAIL.COM\">aqu\u00ed<\/a><br \/>\nPara ejercer su derecho de Oposici\u00f3n haga clic <a href=\"mailto:ESCENACREADORES@GMAIL.COM\">aqu\u00ed<\/a><br \/>\nPara ejercer su derecho de Portabilidad haga clic <a href=\"mailto:ESCENACREADORES@GMAIL.COM\">aqu\u00ed<\/a><\/p>\n<p>Alternativamente, tambi\u00e9n puede dirigirse a nosotros mediante correo postal a la siguiente direcci\u00f3n: C\/ CUENCA, 45-1 &#8211; (46018) VALENCIA adjuntado una fotocopia del DNI, para la certeza de su identidad. Recuerde facilitar la mayor informaci\u00f3n posible sobre su solicitud: Nombre y apellidos, direcci\u00f3n de correo electr\u00f3nico que utiliza para la cuenta o portal objeto de tu solicitud.<br \/>\nPor \u00faltimo, le informamos que puede dirigirse ante la Agencia Espa\u00f1ola de Protecci\u00f3n de Datos y dem\u00e1s organismos p\u00fablicos competentes para cualquier reclamaci\u00f3n derivada del tratamiento de tus datos personales.<\/p>\n<p><strong>7. Pol\u00edtica de cookies<\/strong><\/p>\n<p>Para conocer las cookies que utilizamos en nuestra p\u00e1gina, recuerde que puede acceder a nuestra Pol\u00edtica de Cookies a trav\u00e9s del siguiente enlace pol\u00edtica de cookies.<\/p>\n<p>&nbsp;<\/p>\n<p>&nbsp;<\/p>\n","protected":false},"excerpt":{"rendered":"<p>1. Datos relativos al Responsable. Responsable Tratamiento &#8211; Entidad: ASOCIACI\u00d3N CREADORES RESIDENCIAS TEATRALES &#8211; CIF de la entidad: G40523128 &#8211; Direcci\u00f3n de la entidad: C\/ CUENCA, 45-1 &#8211; (46018) VALENCIA &#8211; Email de la entidad: ESCENACREADORES@GMAIL.COM &#8211; Responsable del tratamiento : J\u00c9SSICA MART\u00cdNEZ VILLALBA &#8211; Tel\u00e9fono del Responsable del tratamiento : 669965248 &#8211; Direcci\u00f3n email [&hellip;]<\/p>\n","protected":false},"author":1,"featured_media":0,"parent":0,"menu_order":0,"comment_status":"closed","ping_status":"closed","template":"","meta":{"_acf_changed":false,"_et_pb_use_builder":"","_et_pb_old_content":"","_et_gb_content_width":"","footnotes":""},"class_list":["post-3001","page","type-page","status-publish","hentry"],"acf":[],"_links":{"self":[{"href":"https:\/\/escenacreadores.com\/en\/wp-json\/wp\/v2\/pages\/3001","targetHints":{"allow":["GET"]}}],"collection":[{"href":"https:\/\/escenacreadores.com\/en\/wp-json\/wp\/v2\/pages"}],"about":[{"href":"https:\/\/escenacreadores.com\/en\/wp-json\/wp\/v2\/types\/page"}],"author":[{"embeddable":true,"href":"https:\/\/escenacreadores.com\/en\/wp-json\/wp\/v2\/users\/1"}],"replies":[{"embeddable":true,"href":"https:\/\/escenacreadores.com\/en\/wp-json\/wp\/v2\/comments?post=3001"}],"version-history":[{"count":2,"href":"https:\/\/escenacreadores.com\/en\/wp-json\/wp\/v2\/pages\/3001\/revisions"}],"predecessor-version":[{"id":3004,"href":"https:\/\/escenacreadores.com\/en\/wp-json\/wp\/v2\/pages\/3001\/revisions\/3004"}],"wp:attachment":[{"href":"https:\/\/escenacreadores.com\/en\/wp-json\/wp\/v2\/media?parent=3001"}],"curies":[{"name":"wp","href":"https:\/\/api.w.org\/{rel}","templated":true}]}}