{"id":2817,"date":"2024-08-08T12:05:41","date_gmt":"2024-08-08T10:05:41","guid":{"rendered":"https:\/\/escenacreadores.com\/aviso-legal\/"},"modified":"2025-02-11T11:29:05","modified_gmt":"2025-02-11T10:29:05","slug":"avis-legal","status":"publish","type":"page","link":"https:\/\/escenacreadores.com\/va\/avis-legal\/","title":{"rendered":"Av\u00eds legal"},"content":{"rendered":"<p><strong>Objecte i acceptaci\u00f3<\/strong><br \/>\nEl present av\u00eds legal regula l&#8217;\u00fas del nostre lloc web, del qual \u00e9s titular ASSOCIACI\u00d3 CREADORS RESID\u00c8NCIES TEATRALS. La navegaci\u00f3 pel lloc web d&#8217;ASSOCIACI\u00d3 CREADORS RESID\u00c8NCIES TEATRALS atribu\u00efx la condici\u00f3 d&#8217;usuari del mateix i implica l&#8217;acceptaci\u00f3 plena i sense reserves de totes i cada una de les disposicions incloses en este Av\u00eds Legal, que poden patir modificacions. Vost\u00e9 s&#8217;obliga a fer un \u00fas correcte del lloc web de conformitat amb les lleis, la bona fe, l&#8217;orde p\u00fablic, els usos del tr\u00e0nsit i el present Av\u00eds Legal. El vost\u00e9 respondr\u00e0 enfront d&#8217;ASSOCIACI\u00d3 CREADORS RESID\u00c8NCIES TEATRALS o enfront de tercers, de qualssevol danys i perju\u00eds que pogueren causar-li a conseq\u00fc\u00e8ncia de l&#8217;incompliment d&#8217;esta obligaci\u00f3.<\/p>\n<p><strong>Identificaci\u00f3 i comunicacions.<\/strong><br \/>\nASSOCIACI\u00d3 CREADORS RESID\u00c8NCIES TEATRALS, en compliment de la Llei 34\/2002, d&#8217;11 de juliol, de servicis de la societat de la informaci\u00f3 i de comer\u00e7 electr\u00f2nic, l&#8217;informa que:<br \/>\nLa seua denominaci\u00f3 social \u00e9s: ASSOCIACI\u00d3 CREADORS RESID\u00c8NCIES TEATRALS<br \/>\nEl seu CIF \u00e9s: G40523128<br \/>\nEl seu domicili social est\u00e0 en: C\/ CONCA, 45-1. (46018) VAL\u00c8NCIA<br \/>\nInscripci\u00f3 al registre mercantil :<br \/>\nPer a comunicar-se amb nosaltres, posem a la seua disposici\u00f3 diferents mitjans de contacte especificats en la pol\u00edtica de privacitat.<br \/>\nTotes les notificacions i comunicacions que realitze amb ASSOCIACI\u00d3 CREADORS RESID\u00c8NCIES TEATRALS es consideraran eficaces, amb car\u00e0cter general, sempre que es realitzen pels mitjans especificats anteriorment.<\/p>\n<p><strong>Condicions d&#8217;acc\u00e9s i utilitzaci\u00f3. <\/strong><br \/>\nEl lloc web i els seus servicis s\u00f3n d&#8217;acc\u00e9s lliure, no obstant aix\u00f2, ASSOCIACI\u00d3 CREADORS RESID\u00c8NCIES TEATRALS condiciona la utilitzaci\u00f3 d&#8217;alguns dels servicis oferits en el seu web al previ emplenament del corresponent formulari.<br \/>\nVost\u00e9 garantix l&#8217;autenticitat i actualitat de totes aquelles dades que comunique a ASSOCIACI\u00d3 CREADORS RESID\u00c8NCIES TEATRALS i ser\u00e0 l&#8217;\u00fanic responsable de les manifestacions falses o inexactes que realitze.<br \/>\nVost\u00e9 es compromet expressament a fer un \u00fas adequat dels continguts i servicis d&#8217;ASSOCIACI\u00d3 CREADORS RESID\u00c8NCIES TEATRALS i a no emprar-los per a, entre altres:<br \/>\n&#8211; Difondre continguts, delictius, violents, pornogr\u00e0fics, racistes, xen\u00f2fob, ofensius, d&#8217;apologia del terrorisme o, en general, contraris a la llei o a l&#8217;orde p\u00fablic.<\/p>\n<p>&#8211; Introduir en la xarxa virus inform\u00e0tics o realitzar actuacions susceptibles d&#8217;alterar, desbaratar, interrompre o generar errors o danys en els documents electr\u00f2nics, dades o sistemes f\u00edsics i l\u00f2gics d&#8217;ASSOCIACI\u00d3 CREADORS RESID\u00c8NCIES TEATRALS o de terceres persones; aix\u00ed com obstaculitzar l&#8217;acc\u00e9s d&#8217;altres usuaris al lloc web i als seus servicis mitjan\u00e7ant el consum massiu dels recursos inform\u00e0tics a trav\u00e9s dels quals ASSOCIACI\u00d3 CREADORS RESID\u00c8NCIES TEATRALS presta els seus servicis.<\/p>\n<p>&#8211; Intentar accedir dades d&#8217;altres persones o a \u00e0rees restringides dels sistemes inform\u00e0tics d&#8217;ASSOCIACI\u00d3 CREADORS RESID\u00c8NCIES TEATRALS o de tercers i, si \u00e9s el cas, extraure informaci\u00f3.<\/p>\n<p>&#8211; Vulnerar els drets de propietat intel\u00b7lectual o industrial, aix\u00ed com violar la confidencialitat de la informaci\u00f3 d&#8217;ASSOCIACI\u00d3 CREADORS RESID\u00c8NCIES TEATRALS o de tercers.<\/p>\n<p>&#8211; Suplantar la identitat d&#8217;un altre usuari, de les administracions p\u00fabliques o d&#8217;un tercer.<\/p>\n<p>&#8211; Reproduir, copiar, distribuir, posar a disposici\u00f3 o de qualsevol altra forma comunicar p\u00fablicament, transformar o modificar els continguts, llevat que es compte amb l&#8217;autoritzaci\u00f3 del titular dels corresponents drets o aix\u00f2 resulte legalment perm\u00e9s.<\/p>\n<p>&#8211; Recaptar dades amb finalitat publicit\u00e0ria i de remetre publicitat de qualsevol classe i comunicacions amb finalitats de venda o altres de naturalesa comercial sense que medie la seua pr\u00e8via sol\u00b7licitud o consentiment.<\/p>\n<p>Tots els continguts del lloc web, com a textos, fotografies, gr\u00e0fics, imatges, icones, tecnologia, programari, aix\u00ed com el seu disseny gr\u00e0fic i codis font, constitu\u00efxen una obra la propietat de la qual pertany a ASSOCIACI\u00d3 CREADORS RESID\u00c8NCIES TEATRALS, sense que puguen entendre&#8217;s com cedits cap dels drets d&#8217;explotaci\u00f3 sobre els mateixos m\u00e9s enll\u00e0 de l&#8217;estrictament necessari per al correcte \u00fas de la web.<br \/>\nEn definitiva, vost\u00e9 que accedix a este lloc web, pot visualitzar els continguts i efectuar, si \u00e9s el cas, c\u00f2pies privades autoritzades sempre que els elements reprodu\u00efts no siguen cedits posteriorment a tercers, ni s&#8217;instal\u00b7len a servidors connectats a xarxes, ni siguen objecte de cap mena d&#8217;explotaci\u00f3.<br \/>\nAix\u00ed mateix, totes les marques, noms comercials o signes distintius de qualsevol classe que apareixen en el lloc web s\u00f3n propietat d&#8217;ASSOCIACI\u00d3 CREADORS RESID\u00c8NCIES TEATRALS, sense que puga entendre&#8217;s que l&#8217;\u00fas o acc\u00e9s al mateix li atribu\u00efsca dret algun sobre estos.<br \/>\nLa distribuci\u00f3, modificaci\u00f3, cessi\u00f3 o comunicaci\u00f3 p\u00fablica dels continguts i qualsevol altre acte que no haja sigut expressament autoritzat pel titular dels drets d&#8217;explotaci\u00f3 queden prohibits.<br \/>\nL&#8217;establiment d&#8217;un enlla\u00e7 no implica en cap cas l&#8217;exist\u00e8ncia de relacions entre ASSOCIACI\u00d3 CREADORS RESID\u00c8NCIES TEATRALS i el propietari del lloc web en la qual s&#8217;establisca, ni l&#8217;acceptaci\u00f3 i aprovaci\u00f3 per part d&#8217;ASSOCIACI\u00d3 CREADORS RESID\u00c8NCIES TEATRALS *VALENCIANES dels seus continguts o servicis. Aquelles persones que es proposen establir un enlla\u00e7 pr\u00e8viament hauran de sol\u00b7licitar autoritzaci\u00f3 per escrit a ASSOCIACI\u00d3 CREADORS RESID\u00c8NCIES TEATRALS. En tot cas, l&#8217;enlla\u00e7 \u00fanicament permetr\u00e0 l&#8217;acc\u00e9s a la *home-*page o p\u00e0gina d&#8217;inici del nostre lloc web, aix\u00ed mateix haur\u00e0 d&#8217;abstindre&#8217;s de realitzar manifestacions o indicacions falses, inexactes o incorrectes sobre ASSOCIACI\u00d3 CREADORS RESID\u00c8NCIES TEATRALS, o incloure continguts il\u00b7l\u00edcits, contraris als bons costums i a l&#8217;orde p\u00fablic.<br \/>\nASSOCIACI\u00d3 CREADORS RESID\u00c8NCIES TEATRALS no es responsabilitza de l&#8217;\u00fas que cada usuari li done als materials posats a disposici\u00f3 en este lloc web ni de les actuacions que realitze sobre la base d&#8217;estos.<\/p>\n<p><strong>Exclusi\u00f3 de garanties i de responsabilitat<\/strong><br \/>\nASSOCIACI\u00d3 CREADORS RESID\u00c8NCIES TEATRALS exclou, fins on permet l&#8217;ordenament jur\u00eddic, qualsevol responsabilitat pels danys i perju\u00eds de tota naturalesa derivats de:<br \/>\n&#8211; La impossibilitat d&#8217;acc\u00e9s al lloc web o la falta de veracitat, exactitud, exhaustivitat i\/o actualitat dels continguts, aix\u00ed com l&#8217;exist\u00e8ncia de vicis i defectes de tota classe dels continguts transmesos, difosos, emmagatzemats, posats a disposici\u00f3 als quals s&#8217;haja accedit a trav\u00e9s del lloc web o dels servicis que s&#8217;oferixen.<\/p>\n<p>&#8211; La pres\u00e8ncia de virus o d&#8217;altres elements en els continguts que puguen produir alteracions en els sistemes inform\u00e0tics, documents electr\u00f2nics o dades dels usuaris.<\/p>\n<p>&#8211; L&#8217;incompliment de les lleis, la bona fe, l&#8217;orde p\u00fablic, els usos del tr\u00e0nsit i el present av\u00eds legal a conseq\u00fc\u00e8ncia de l&#8217;\u00fas incorrecte del lloc web. En particular, i a mode *ejemplificativo, ASSOCIACI\u00d3 CREADORS RESID\u00c8NCIES TEATRALS no es fa responsable de les actuacions de tercers que vulneren drets de propietat intel\u00b7lectual i industrial, secrets empresarials, drets a l&#8217;honor, a la intimitat personal i familiar i a la pr\u00f2pia imatge, aix\u00ed com la normativa en mat\u00e8ria de compet\u00e8ncia deslleial i publicitat il\u00b7l\u00edcita.<\/p>\n<p>Aix\u00ed mateix, ASSOCIACI\u00d3 CREADORS RESID\u00c8NCIES TEATRALS declina qualsevol responsabilitat respecte a la informaci\u00f3 que es trobe fora d&#8217;esta web i no siga gestionada directament pel nostre *webmaster. La funci\u00f3 dels links que apareixen en esta web \u00e9s exclusivament la d&#8217;informar l&#8217;usuari sobre l&#8217;exist\u00e8ncia d&#8217;altres fonts susceptibles d&#8217;ampliar els continguts que oferix este lloc web. ASSOCIACI\u00d3 CREADORS RESID\u00c8NCIES TEATRALS no garantix ni es responsabilitza del funcionament o accessibilitat dels llocs enlla\u00e7ats; ni suggerix, convida o recomana la visita a estos, per la qual cosa tampoc ser\u00e0 responsable del resultat obtingut. ASSOCIACI\u00d3 CREADORS RESID\u00c8NCIES TEATRALS no es responsabilitza de l&#8217;establiment d&#8217;enlla\u00e7os per part de tercers.<br \/>\nProcediment en cas de realitzaci\u00f3 d&#8217;activitats de car\u00e0cter il\u00b7l\u00edcit. En el cas que vost\u00e9 o un tercer considere que existixen fets o circumst\u00e0ncies que revelen el car\u00e0cter il\u00b7l\u00edcit de la utilitzaci\u00f3 de qualsevol contingut i\/o de la realitzaci\u00f3 de qualsevol activitat en les p\u00e0gines web incloses o accessibles a trav\u00e9s del lloc web, haur\u00e0 de posar-se en contacte amb ASSOCIACI\u00d3 CREADORS RESID\u00c8NCIES TEATRALS identificant-se degudament, especificant les suposades infraccions i declarant expressament i sota la seua responsabilitat que la informaci\u00f3 proporcionada en la notificaci\u00f3 \u00e9s exacta.<br \/>\nPer a tota q\u00fcesti\u00f3 litigiosa que incumbisca el lloc web d&#8217;ASSOCIACI\u00d3 CREADORS RESID\u00c8NCIES TEATRALS, ser\u00e0 aplicable la legislaci\u00f3 espanyola, sent competents els Jutjats i Tribunals m\u00e9s pr\u00f2xims a la seu de (Espanya).<\/p>\n<p>Publicacions. La informaci\u00f3 administrativa facilitada a trav\u00e9s del lloc web no substitu\u00efx la publicitat legal de les lleis, normatives, plans, disposicions generals i actes que hagen de ser publicats formalment als diaris oficials de les administracions p\u00fabliques, que constitu\u00efxen l&#8217;\u00fanic instrument que dona fe de la seua autenticitat i contingut. La informaci\u00f3 disponible en este lloc web ha d&#8217;entendre&#8217;s com una guia sense prop\u00f2sit de validesa legal.<\/p>\n","protected":false},"excerpt":{"rendered":"<p>Objecte i acceptaci\u00f3 El present av\u00eds legal regula l&#8217;\u00fas del nostre lloc web, del qual \u00e9s titular ASSOCIACI\u00d3 CREADORS RESID\u00c8NCIES TEATRALS. La navegaci\u00f3 pel lloc web d&#8217;ASSOCIACI\u00d3 CREADORS RESID\u00c8NCIES TEATRALS atribu\u00efx la condici\u00f3 d&#8217;usuari del mateix i implica l&#8217;acceptaci\u00f3 plena i sense reserves de totes i cada una de les disposicions incloses en este Av\u00eds [&hellip;]<\/p>\n","protected":false},"author":1,"featured_media":0,"parent":0,"menu_order":0,"comment_status":"closed","ping_status":"closed","template":"","meta":{"_acf_changed":false,"_et_pb_use_builder":"","_et_pb_old_content":"","_et_gb_content_width":"","footnotes":""},"class_list":["post-2817","page","type-page","status-publish","hentry"],"acf":[],"_links":{"self":[{"href":"https:\/\/escenacreadores.com\/va\/wp-json\/wp\/v2\/pages\/2817","targetHints":{"allow":["GET"]}}],"collection":[{"href":"https:\/\/escenacreadores.com\/va\/wp-json\/wp\/v2\/pages"}],"about":[{"href":"https:\/\/escenacreadores.com\/va\/wp-json\/wp\/v2\/types\/page"}],"author":[{"embeddable":true,"href":"https:\/\/escenacreadores.com\/va\/wp-json\/wp\/v2\/users\/1"}],"replies":[{"embeddable":true,"href":"https:\/\/escenacreadores.com\/va\/wp-json\/wp\/v2\/comments?post=2817"}],"version-history":[{"count":3,"href":"https:\/\/escenacreadores.com\/va\/wp-json\/wp\/v2\/pages\/2817\/revisions"}],"predecessor-version":[{"id":2820,"href":"https:\/\/escenacreadores.com\/va\/wp-json\/wp\/v2\/pages\/2817\/revisions\/2820"}],"wp:attachment":[{"href":"https:\/\/escenacreadores.com\/va\/wp-json\/wp\/v2\/media?parent=2817"}],"curies":[{"name":"wp","href":"https:\/\/api.w.org\/{rel}","templated":true}]}}