{"id":2821,"date":"2024-08-08T12:33:43","date_gmt":"2024-08-08T10:33:43","guid":{"rendered":"https:\/\/escenacreadores.com\/proteccion-de-datos\/"},"modified":"2025-02-11T11:32:15","modified_gmt":"2025-02-11T10:32:15","slug":"politica-de-privacitat","status":"publish","type":"page","link":"https:\/\/escenacreadores.com\/va\/politica-de-privacitat\/","title":{"rendered":"Pol\u00edtica de privacitat"},"content":{"rendered":"<p><strong>1. Dades relatives al Responsable. Responsable Tractament<\/strong><br \/>\n&#8211; Entitat: ASSOCIACI\u00d3 CREADORS RESID\u00c8NCIES TEATRALS<br \/>\n&#8211; CIF de l&#8217;entitat: G40523128<br \/>\n&#8211; Direcci\u00f3 de l&#8217;entitat: C\/ CONCA, 45-1 &#8211; (46018) VAL\u00c8NCIA<br \/>\n&#8211; Email de l&#8217;entitat: ESCENACREADORES@GMAIL.COM<br \/>\n&#8211; Responsable del tractament : J\u00c9SSICA MART\u00cdNEZ VILLALBA<br \/>\n&#8211; Tel\u00e8fon del Responsable del tractament : 669965248<br \/>\n&#8211; Direcci\u00f3 email del Responsable del tractament : <a href=\"mailto:ESCENACREADORES@GMAIL.COM\">ESCENACREADORES@GMAIL.COM<\/a><\/p>\n<p><strong>2. Finalitats<\/strong><br \/>\nEn compliment del que es disposa en el Reglament Europeu 2016\/679 General de Protecci\u00f3 de Dades i la Llei org\u00e0nica 3\/2018 de Protecci\u00f3 de Dades Personals i Garantia de Drets Digitals, l&#8217;informem que, depenent de la relaci\u00f3 que tinga amb nosaltres, en ASSOCIACI\u00d3 CREADORS RESID\u00c8NCIES TEATRALS tractem les dades que ens facilita per a alguna, o totes, les seg\u00fcents finalitats:<br \/>\nConsulta en l\u00ednia<br \/>\nEnviament d&#8217;informaci\u00f3 comercial de l&#8217;entitat mitjan\u00e7ant correu postal, correu electr\u00f2nic o altres<br \/>\nInformaci\u00f3 procedent de Cookies<br \/>\nInscripci\u00f3 en l&#8217;associaci\u00f3 (fer-se soci de l&#8217;entitat)<br \/>\nSubscripci\u00f3 a newsletter<\/p>\n<p><strong>3. Termini de conservaci\u00f3 de les dades<\/strong><br \/>\nLes seues dades seran conservades per un termini d&#8217;indefinit. En el cas que requerisca la seua eliminaci\u00f3 de forma anticipada, sol\u00b7licite&#8217;l mitjan\u00e7ant l&#8217;exercici del dret de supressi\u00f3. Aix\u00ed mateix, les dades que per motius legals hagen de ser emmagatzemats durant un temps necessari per a complir normes espec\u00edfiques, seran bloquejats i \u00fanicament estaran a la disposici\u00f3 de l&#8217;autoritat p\u00fablica corresponent.<\/p>\n<p><strong>4. Legitimaci\u00f3<\/strong><br \/>\nLa base legal per al tractament de les teues dades radica per:<br \/>\nConsentiment inequ\u00edvoc<\/p>\n<p><strong>5. Destinataris<\/strong><br \/>\nLes seues dades personals seran comunicats a tercers en els seg\u00fcents suposats:<br \/>\nNo compartisc les dades amb tercers.<\/p>\n<p><strong>6. Drets<\/strong><br \/>\nT\u00e9 dret a obtindre confirmaci\u00f3 sobre si en ASSOCIACI\u00d3 CREADORS RESID\u00c8NCIES TEATRALS estem tractant dades personals que el concernisquen, o no.<br \/>\nAix\u00ed mateix, t\u00e9 dret d&#8217;acc\u00e9s a les seues dades personals, aix\u00ed com a sol\u00b7licitar la rectificaci\u00f3 de les dades inexactes o, si \u00e9s el cas, sol\u00b7licitar la seua supressi\u00f3 quan, entre altres motius, les dades ja no siguen necessaris per als fins que van ser arreplegats.<br \/>\nEn determinades circumst\u00e0ncies, podr\u00e0 sol\u00b7licitar la limitaci\u00f3 del tractament de les seues dades, i en este cas \u00fanicament els conservarem per a l&#8217;exercici o la defensa de reclamacions.<br \/>\nAddicionalment, en determinades circumst\u00e0ncies i per motius relacionats amb la teua situaci\u00f3 particular, podr\u00e0 exercir el dret d&#8217;oposici\u00f3 al tractament de les seues dades. ASSOCIACI\u00d3 CREADORS RESID\u00c8NCIES TEATRALS deixar\u00e0 de tractar les dades, excepte per motius leg\u00edtims imperiosos, o l&#8217;exercici o la defensa de possibles reclamacions.<br \/>\nAix\u00ed mateix, pot exercir el dret a la portabilitat de les dades, aix\u00ed com retirar els consentiments facilitats en qualsevol moment, sense que aix\u00f2 afecte la licitud del tractament basat en el consentiment previ a la seua retirada.<br \/>\nSi desitja fer \u00fas de qualsevol dels teus drets pot realitzar-los a trav\u00e9s dels enlla\u00e7os habilitats que trobar\u00e0 a continuaci\u00f3:<br \/>\nPer a exercir el seu dret d&#8217;Acc\u00e9s fa\u00e7a clic ac\u00ed<br \/>\nPer a exercir el seu dret de Rectificaci\u00f3 fa\u00e7a clic ac\u00ed<br \/>\nPer a exercir el seu dret de Supressi\u00f3 (Oblit) fa\u00e7a clic ac\u00ed<br \/>\nPer a exercir el seu dret de Limitaci\u00f3 del Tractament fa\u00e7a clic ac\u00ed<br \/>\nPer a exercir el seu dret d&#8217;Oposici\u00f3 fa\u00e7a clic ac\u00ed<br \/>\nPer a exercir el seu dret de Portabilitat fa\u00e7a clic ac\u00ed<\/p>\n<p>Alternativament, tamb\u00e9 pot dirigir-se a nosaltres mitjan\u00e7ant correu postal a la seg\u00fcent adre\u00e7a: C\/ CONCA, 45-1 &#8211; (46018) VAL\u00c8NCIA adjuntat una fotoc\u00f2pia del DNI, per a la certesa de la seua identitat. Recorde facilitar la major informaci\u00f3 possible sobre la seua sol\u00b7licitud: Nom i cognoms, adre\u00e7a de correu electr\u00f2nic que utilitza per al compte o portal objecte de la teua sol\u00b7licitud.<br \/>\nFinalment, l&#8217;informem que pot dirigir-se davant l&#8217;Ag\u00e8ncia Espanyola de Protecci\u00f3 de Dades i altres organismes p\u00fablics competents per a qualsevol reclamaci\u00f3 derivada del tractament de les teues dades personals.<\/p>\n<p><strong>7. Pol\u00edtica de cookies<\/strong><br \/>\nPer a con\u00e9ixer les cookies que utilitzem en la nostra p\u00e0gina, recorde que pot accedir a la nostra Pol\u00edtica de Cookies a trav\u00e9s del seg\u00fcent enllace pol\u00edtica de cookies.<\/p>\n<p>&nbsp;<\/p>\n","protected":false},"excerpt":{"rendered":"<p>1. Dades relatives al Responsable. Responsable Tractament &#8211; Entitat: ASSOCIACI\u00d3 CREADORS RESID\u00c8NCIES TEATRALS &#8211; CIF de l&#8217;entitat: G40523128 &#8211; Direcci\u00f3 de l&#8217;entitat: C\/ CONCA, 45-1 &#8211; (46018) VAL\u00c8NCIA &#8211; Email de l&#8217;entitat: ESCENACREADORES@GMAIL.COM &#8211; Responsable del tractament : J\u00c9SSICA MART\u00cdNEZ VILLALBA &#8211; Tel\u00e8fon del Responsable del tractament : 669965248 &#8211; Direcci\u00f3 email del Responsable del [&hellip;]<\/p>\n","protected":false},"author":1,"featured_media":0,"parent":0,"menu_order":0,"comment_status":"closed","ping_status":"closed","template":"","meta":{"_acf_changed":false,"_et_pb_use_builder":"","_et_pb_old_content":"","_et_gb_content_width":"","footnotes":""},"class_list":["post-2821","page","type-page","status-publish","hentry"],"acf":[],"_links":{"self":[{"href":"https:\/\/escenacreadores.com\/va\/wp-json\/wp\/v2\/pages\/2821","targetHints":{"allow":["GET"]}}],"collection":[{"href":"https:\/\/escenacreadores.com\/va\/wp-json\/wp\/v2\/pages"}],"about":[{"href":"https:\/\/escenacreadores.com\/va\/wp-json\/wp\/v2\/types\/page"}],"author":[{"embeddable":true,"href":"https:\/\/escenacreadores.com\/va\/wp-json\/wp\/v2\/users\/1"}],"replies":[{"embeddable":true,"href":"https:\/\/escenacreadores.com\/va\/wp-json\/wp\/v2\/comments?post=2821"}],"version-history":[{"count":4,"href":"https:\/\/escenacreadores.com\/va\/wp-json\/wp\/v2\/pages\/2821\/revisions"}],"predecessor-version":[{"id":2825,"href":"https:\/\/escenacreadores.com\/va\/wp-json\/wp\/v2\/pages\/2821\/revisions\/2825"}],"wp:attachment":[{"href":"https:\/\/escenacreadores.com\/va\/wp-json\/wp\/v2\/media?parent=2821"}],"curies":[{"name":"wp","href":"https:\/\/api.w.org\/{rel}","templated":true}]}}