{"id":2833,"date":"2024-09-20T08:38:17","date_gmt":"2024-09-20T06:38:17","guid":{"rendered":"https:\/\/escenacreadores.com\/mapa-del-sitio\/"},"modified":"2025-02-11T11:36:13","modified_gmt":"2025-02-11T10:36:13","slug":"mapa-del-lloc-web","status":"publish","type":"page","link":"https:\/\/escenacreadores.com\/va\/mapa-del-lloc-web\/","title":{"rendered":"Mapa del lloc web"},"content":{"rendered":"<div class=\"rank-math-html-sitemap\"><div class=\"rank-math-html-sitemap__section rank-math-html-sitemap__section--post-type rank-math-html-sitemap__section--page\"><h2 class=\"rank-math-html-sitemap__title\">Pages<\/h2><ul class=\"rank-math-html-sitemap__list\"><li class=\"rank-math-html-sitemap__item\"><a href=\"https:\/\/escenacreadores.com\/asesoria\/\" class=\"rank-math-html-sitemap__link\">ASESOR\u00cdA<\/a><\/li><li class=\"rank-math-html-sitemap__item\"><a href=\"https:\/\/escenacreadores.com\/va\/entitats-amigues\/\" class=\"rank-math-html-sitemap__link\">Friendly entities<\/a><\/li><li class=\"rank-math-html-sitemap__item\"><a href=\"https:\/\/escenacreadores.com\/va\/entitats-amigues\/\" class=\"rank-math-html-sitemap__link\">Entitats amigues<\/a><\/li><li class=\"rank-math-html-sitemap__item\"><a href=\"https:\/\/escenacreadores.com\/va\/entitats-amigues\/\" class=\"rank-math-html-sitemap__link\">Entidades amigas<\/a><\/li><li class=\"rank-math-html-sitemap__item\"><a href=\"https:\/\/escenacreadores.com\/va\/\" class=\"rank-math-html-sitemap__link\">Home<\/a><\/li><li class=\"rank-math-html-sitemap__item\"><a href=\"https:\/\/escenacreadores.com\/va\/\" class=\"rank-math-html-sitemap__link\">Inici<\/a><\/li><li class=\"rank-math-html-sitemap__item\"><a href=\"https:\/\/escenacreadores.com\/va\/\" class=\"rank-math-html-sitemap__link\">Inicio<\/a><\/li><li class=\"rank-math-html-sitemap__item\"><a href=\"https:\/\/escenacreadores.com\/va\/qui-som\/\" class=\"rank-math-html-sitemap__link\">Who we are<\/a><\/li><li class=\"rank-math-html-sitemap__item\"><a href=\"https:\/\/escenacreadores.com\/va\/qui-som\/\" class=\"rank-math-html-sitemap__link\">Qui som<\/a><\/li><li class=\"rank-math-html-sitemap__item\"><a href=\"https:\/\/escenacreadores.com\/va\/qui-som\/\" class=\"rank-math-html-sitemap__link\">Quienes somos<\/a><\/li><li class=\"rank-math-html-sitemap__item\"><a href=\"https:\/\/escenacreadores.com\/va\/transparencia\/\" class=\"rank-math-html-sitemap__link\">Transparency<\/a><\/li><li class=\"rank-math-html-sitemap__item\"><a href=\"https:\/\/escenacreadores.com\/va\/transparencia\/\" class=\"rank-math-html-sitemap__link\">Transparencia<\/a><\/li><li class=\"rank-math-html-sitemap__item\"><a href=\"https:\/\/escenacreadores.com\/va\/transparencia\/\" class=\"rank-math-html-sitemap__link\">Transparencia<\/a><\/li><li class=\"rank-math-html-sitemap__item\"><a href=\"https:\/\/escenacreadores.com\/va\/aplec\/\" class=\"rank-math-html-sitemap__link\">Aplec<\/a><\/li><li class=\"rank-math-html-sitemap__item\"><a href=\"https:\/\/escenacreadores.com\/va\/aplec\/\" class=\"rank-math-html-sitemap__link\">Aplec<\/a><\/li><li class=\"rank-math-html-sitemap__item\"><a href=\"https:\/\/escenacreadores.com\/va\/aplec\/\" class=\"rank-math-html-sitemap__link\">Aplec<\/a><\/li><li class=\"rank-math-html-sitemap__item\"><a href=\"https:\/\/escenacreadores.com\/va\/contacte\/\" class=\"rank-math-html-sitemap__link\">Contacto<\/a><\/li><li class=\"rank-math-html-sitemap__item\"><a href=\"https:\/\/escenacreadores.com\/va\/contacte\/\" class=\"rank-math-html-sitemap__link\">Contacte<\/a><\/li><li class=\"rank-math-html-sitemap__item\"><a href=\"https:\/\/escenacreadores.com\/va\/contacte\/\" class=\"rank-math-html-sitemap__link\">Contact<\/a><\/li><li class=\"rank-math-html-sitemap__item\"><a href=\"https:\/\/escenacreadores.com\/va\/laboratori\/\" class=\"rank-math-html-sitemap__link\">Laboratorio<\/a><\/li><li class=\"rank-math-html-sitemap__item\"><a href=\"https:\/\/escenacreadores.com\/va\/laboratori\/\" class=\"rank-math-html-sitemap__link\">Laboratory<\/a><\/li><li class=\"rank-math-html-sitemap__item\"><a href=\"https:\/\/escenacreadores.com\/va\/laboratori\/\" class=\"rank-math-html-sitemap__link\">Laboratori<\/a><\/li><li class=\"rank-math-html-sitemap__item\"><a href=\"https:\/\/escenacreadores.com\/va\/residencies-teatrals\/\" class=\"rank-math-html-sitemap__link\">Theatre residences<\/a><\/li><li class=\"rank-math-html-sitemap__item\"><a href=\"https:\/\/escenacreadores.com\/va\/residencies-teatrals\/\" class=\"rank-math-html-sitemap__link\">Resid\u00e8ncies teatrals<\/a><\/li><li class=\"rank-math-html-sitemap__item\"><a href=\"https:\/\/escenacreadores.com\/va\/residencies-teatrals\/\" class=\"rank-math-html-sitemap__link\">Residencias teatrales<\/a><\/li><\/ul><\/div><div class=\"rank-math-html-sitemap__section rank-math-html-sitemap__section--post-type rank-math-html-sitemap__section--project\"><h2 class=\"rank-math-html-sitemap__title\">Projects<\/h2><ul class=\"rank-math-html-sitemap__list\"><li class=\"rank-math-html-sitemap__item\"><a href=\"https:\/\/escenacreadores.com\/va\/escenasaplec\/caminos-de-agua\/\" class=\"rank-math-html-sitemap__link\">Caminos de agua<\/a><\/li><li class=\"rank-math-html-sitemap__item\"><a href=\"https:\/\/escenacreadores.com\/va\/escenasaplec\/la-obra-historica-como-elemento-fundamental-de-conciencia-de-identidad-y-participacion\/\" class=\"rank-math-html-sitemap__link\">La obra hist\u00f3rica como elemento fundamental de conciencia de identidad y participaci\u00f3n<\/a><\/li><li class=\"rank-math-html-sitemap__item\"><a href=\"https:\/\/escenacreadores.com\/va\/escenasaplec\/me-dejas-pasar\/\" class=\"rank-math-html-sitemap__link\">\u00bfMe dejas pasar?<\/a><\/li><li class=\"rank-math-html-sitemap__item\"><a href=\"https:\/\/escenacreadores.com\/va\/escenasaplec\/encuentros\/\" class=\"rank-math-html-sitemap__link\">Encuentros<\/a><\/li><li class=\"rank-math-html-sitemap__item\"><a href=\"https:\/\/escenacreadores.com\/va\/escenasaplec\/cuerpo-creativo-vacio-creador\/\" class=\"rank-math-html-sitemap__link\">Cuerpo creativo, vac\u00edo creador<\/a><\/li><li class=\"rank-math-html-sitemap__item\"><a href=\"https:\/\/escenacreadores.com\/va\/escenasaplec\/estas-son-mis-reglas\/\" class=\"rank-math-html-sitemap__link\">Estas son mis reglas<\/a><\/li><li class=\"rank-math-html-sitemap__item\"><a href=\"https:\/\/escenacreadores.com\/va\/escenasaplec\/y-tu-que\/\" class=\"rank-math-html-sitemap__link\">\u00bfY t\u00fa qu\u00e9?<\/a><\/li><li class=\"rank-math-html-sitemap__item\"><a href=\"https:\/\/escenacreadores.com\/va\/escenasaplec\/un-mundo-comun\/\" class=\"rank-math-html-sitemap__link\">Un mundo com\u00fan<\/a><\/li><li class=\"rank-math-html-sitemap__item\"><a href=\"https:\/\/escenacreadores.com\/va\/escenasaplec\/entrenamiento-de-la-mirada-para-la-composicion-escenica\/\" class=\"rank-math-html-sitemap__link\">Entrenamiento de la mirada para la composici\u00f3n esc\u00e9nica<\/a><\/li><li class=\"rank-math-html-sitemap__item\"><a href=\"https:\/\/escenacreadores.com\/va\/escenasaplec\/hacer-foco\/\" class=\"rank-math-html-sitemap__link\">Hacer foco<\/a><\/li><li class=\"rank-math-html-sitemap__item\"><a href=\"https:\/\/escenacreadores.com\/va\/escenasaplec\/animal-fantastico-la-pintura-a-escena\/\" class=\"rank-math-html-sitemap__link\">Animal fant\u00e1stico. La pintura a escena<\/a><\/li><li class=\"rank-math-html-sitemap__item\"><a href=\"https:\/\/escenacreadores.com\/va\/escenasaplec\/llencols\/\" class=\"rank-math-html-sitemap__link\">Llen\u00e7ols<\/a><\/li><li class=\"rank-math-html-sitemap__item\"><a href=\"https:\/\/escenacreadores.com\/va\/escenasaplec\/taller-vibrante-de-autoficcion-y-collage\/\" class=\"rank-math-html-sitemap__link\">Taller vibrante de autoficci\u00f3n y collage<\/a><\/li><li class=\"rank-math-html-sitemap__item\"><a href=\"https:\/\/escenacreadores.com\/va\/escenasaplec\/la-imagen-y-la-accion-como-escritura-utopias-salvajes\/\" class=\"rank-math-html-sitemap__link\">La imagen y la acci\u00f3n como escritura. Utop\u00edas salvajes<\/a><\/li><li class=\"rank-math-html-sitemap__item\"><a href=\"https:\/\/escenacreadores.com\/va\/escenasaplec\/guardianes-de-la-memoria-recuperando-la-memoria-de-un-pueblo-a-traves-de-las-personas\/\" class=\"rank-math-html-sitemap__link\">Guardianes de la memoria (Recuperando la memoria de un pueblo a trav\u00e9s de las personas)<\/a><\/li><li class=\"rank-math-html-sitemap__item\"><a href=\"https:\/\/escenacreadores.com\/va\/escenasaplec\/todas-las-historias-son-la-misma-historia-el-viaje-mitico\/\" class=\"rank-math-html-sitemap__link\">Todas las historias son la misma historia (El viaje m\u00edtico)<\/a><\/li><li class=\"rank-math-html-sitemap__item\"><a href=\"https:\/\/escenacreadores.com\/va\/escenasaplec\/dramaturgia-para-el-movimiento\/\" class=\"rank-math-html-sitemap__link\">Dramaturgia para el movimiento<\/a><\/li><li class=\"rank-math-html-sitemap__item\"><a href=\"https:\/\/escenacreadores.com\/va\/escenasaplec\/reinsercion-convivencia-y-crecimiento-personal-para-centros-de-menores-a-traves-de-las-artes-escenicas\/\" class=\"rank-math-html-sitemap__link\">Reinserci\u00f3n, convivencia y crecimiento personal para centros de menores a trav\u00e9s de las artes esc\u00e9nicas<\/a><\/li><li class=\"rank-math-html-sitemap__item\"><a href=\"https:\/\/escenacreadores.com\/va\/escenasaplec\/teatro-y-entornos-naturales\/\" class=\"rank-math-html-sitemap__link\">Teatro y entornos naturales<\/a><\/li><li class=\"rank-math-html-sitemap__item\"><a href=\"https:\/\/escenacreadores.com\/va\/escenasaplec\/las-veraneantas\/\" class=\"rank-math-html-sitemap__link\">Las veraneantas<\/a><\/li><li class=\"rank-math-html-sitemap__item\"><a href=\"https:\/\/escenacreadores.com\/va\/escenasaplec\/tierra-de-tragaluces-cartografias-de-mi-pueblo\/\" class=\"rank-math-html-sitemap__link\">Tierra de tragaluces: cartograf\u00edas de mi pueblo<\/a><\/li><li class=\"rank-math-html-sitemap__item\"><a href=\"https:\/\/escenacreadores.com\/va\/escenasaplec\/maneras-de-cohabitar-el-cuerpo\/\" class=\"rank-math-html-sitemap__link\">Maneras de cohabitar el cuerpo<\/a><\/li><li class=\"rank-math-html-sitemap__item\"><a href=\"https:\/\/escenacreadores.com\/va\/escenasaplec\/mujeres-creando-se\/\" class=\"rank-math-html-sitemap__link\">Mujeres cre\u00e1ndo-se<\/a><\/li><li class=\"rank-math-html-sitemap__item\"><a href=\"https:\/\/escenacreadores.com\/va\/escenasaplec\/mujer-aldea\/\" class=\"rank-math-html-sitemap__link\">Mujer aldea<\/a><\/li><li class=\"rank-math-html-sitemap__item\"><a href=\"https:\/\/escenacreadores.com\/va\/escenasaplec\/escritura-dramatica\/\" class=\"rank-math-html-sitemap__link\">Escritura dram\u00e1tica<\/a><\/li><li class=\"rank-math-html-sitemap__item\"><a href=\"https:\/\/escenacreadores.com\/va\/escenasaplec\/lectura-de-teatro-en-voz-alta\/\" class=\"rank-math-html-sitemap__link\">Lectura de teatro en voz alta<\/a><\/li><li class=\"rank-math-html-sitemap__item\"><a href=\"https:\/\/escenacreadores.com\/va\/escenasaplec\/generar-auto-limites-para-crear-con-libertad\/\" class=\"rank-math-html-sitemap__link\">Generar auto l\u00edmites para crear con libertad<\/a><\/li><li class=\"rank-math-html-sitemap__item\"><a href=\"https:\/\/escenacreadores.com\/va\/escenasaplec\/proyecto-espectadxrs1\/\" class=\"rank-math-html-sitemap__link\">Proyecto espectadxrs1<\/a><\/li><li class=\"rank-math-html-sitemap__item\"><a href=\"https:\/\/escenacreadores.com\/va\/escenasaplec\/teatro-inflamable\/\" class=\"rank-math-html-sitemap__link\">Teatro inflamable<\/a><\/li><li class=\"rank-math-html-sitemap__item\"><a href=\"https:\/\/escenacreadores.com\/va\/escenesaplec\/el-foli-en-blanco-son-els-pares\/\" class=\"rank-math-html-sitemap__link\">El foli en blanco s\u00f3n els pares<\/a><\/li><li class=\"rank-math-html-sitemap__item\"><a href=\"https:\/\/escenacreadores.com\/va\/escenesaplec\/el-foli-en-blanco-son-els-pares\/\" class=\"rank-math-html-sitemap__link\">El folio en blanco son los padres<\/a><\/li><li class=\"rank-math-html-sitemap__item\"><a href=\"https:\/\/escenacreadores.com\/va\/escenesaplec\/setaigues-recorda\/\" class=\"rank-math-html-sitemap__link\">Setaigu\u00ebs recorda<\/a><\/li><li class=\"rank-math-html-sitemap__item\"><a href=\"https:\/\/escenacreadores.com\/va\/escenesaplec\/setaigues-recorda\/\" class=\"rank-math-html-sitemap__link\">Siete aguas recuerda<\/a><\/li><li class=\"rank-math-html-sitemap__item\"><a href=\"https:\/\/escenacreadores.com\/va\/escenesaplec\/iniciacio-a-la-dramaturgia\/\" class=\"rank-math-html-sitemap__link\">Iniciaci\u00f3 a la dramat\u00fargia<\/a><\/li><li class=\"rank-math-html-sitemap__item\"><a href=\"https:\/\/escenacreadores.com\/va\/escenesaplec\/iniciacio-a-la-dramaturgia\/\" class=\"rank-math-html-sitemap__link\">Iniciaci\u00f3n a la dramaturgia<\/a><\/li><li class=\"rank-math-html-sitemap__item\"><a href=\"https:\/\/escenacreadores.com\/va\/escenesaplec\/teatre-rap-vers-contemporani\/\" class=\"rank-math-html-sitemap__link\">Teatre-rap vers contemporani<\/a><\/li><li class=\"rank-math-html-sitemap__item\"><a href=\"https:\/\/escenacreadores.com\/va\/escenesaplec\/teatre-rap-vers-contemporani\/\" class=\"rank-math-html-sitemap__link\">Teatro-rap verso contempor\u00e1neo<\/a><\/li><\/ul><\/div><div class=\"rank-math-html-sitemap__section rank-math-html-sitemap__section--post-type rank-math-html-sitemap__section--residencias\"><h2 class=\"rank-math-html-sitemap__title\">residencias teatrales<\/h2><ul class=\"rank-math-html-sitemap__list\"><li class=\"rank-math-html-sitemap__item\"><a href=\"https:\/\/escenacreadores.com\/va\/residences\/2023\/\" class=\"rank-math-html-sitemap__link\">2023<\/a><\/li><li class=\"rank-math-html-sitemap__item\"><a href=\"https:\/\/escenacreadores.com\/va\/residencies\/2023\/\" class=\"rank-math-html-sitemap__link\">2023<\/a><\/li><li class=\"rank-math-html-sitemap__item\"><a href=\"https:\/\/escenacreadores.com\/va\/residencies\/2023\/\" class=\"rank-math-html-sitemap__link\">2023<\/a><\/li><li class=\"rank-math-html-sitemap__item\"><a href=\"https:\/\/escenacreadores.com\/va\/residences\/2022\/\" class=\"rank-math-html-sitemap__link\">2022<\/a><\/li><li class=\"rank-math-html-sitemap__item\"><a href=\"https:\/\/escenacreadores.com\/va\/residencies\/2022\/\" class=\"rank-math-html-sitemap__link\">2022<\/a><\/li><li class=\"rank-math-html-sitemap__item\"><a href=\"https:\/\/escenacreadores.com\/va\/residencies\/2022\/\" class=\"rank-math-html-sitemap__link\">2022<\/a><\/li><li class=\"rank-math-html-sitemap__item\"><a href=\"https:\/\/escenacreadores.com\/va\/residences\/2021\/\" class=\"rank-math-html-sitemap__link\">2021<\/a><\/li><li class=\"rank-math-html-sitemap__item\"><a href=\"https:\/\/escenacreadores.com\/va\/residencies\/2021\/\" class=\"rank-math-html-sitemap__link\">2021<\/a><\/li><li class=\"rank-math-html-sitemap__item\"><a href=\"https:\/\/escenacreadores.com\/va\/residencies\/2021\/\" class=\"rank-math-html-sitemap__link\">2021<\/a><\/li><li class=\"rank-math-html-sitemap__item\"><a href=\"https:\/\/escenacreadores.com\/va\/residences\/2020\/\" class=\"rank-math-html-sitemap__link\">2020<\/a><\/li><li class=\"rank-math-html-sitemap__item\"><a href=\"https:\/\/escenacreadores.com\/va\/residencies\/2020\/\" class=\"rank-math-html-sitemap__link\">2020<\/a><\/li><li class=\"rank-math-html-sitemap__item\"><a href=\"https:\/\/escenacreadores.com\/va\/residencies\/2020\/\" class=\"rank-math-html-sitemap__link\">2020<\/a><\/li><li class=\"rank-math-html-sitemap__item\"><a href=\"https:\/\/escenacreadores.com\/va\/residences\/2019\/\" class=\"rank-math-html-sitemap__link\">2019<\/a><\/li><li class=\"rank-math-html-sitemap__item\"><a href=\"https:\/\/escenacreadores.com\/va\/residencies\/2019\/\" class=\"rank-math-html-sitemap__link\">2019<\/a><\/li><li class=\"rank-math-html-sitemap__item\"><a href=\"https:\/\/escenacreadores.com\/va\/residencies\/2019\/\" class=\"rank-math-html-sitemap__link\">2019<\/a><\/li><li class=\"rank-math-html-sitemap__item\"><a href=\"https:\/\/escenacreadores.com\/va\/residences\/2017\/\" class=\"rank-math-html-sitemap__link\">2017<\/a><\/li><li class=\"rank-math-html-sitemap__item\"><a href=\"https:\/\/escenacreadores.com\/va\/residencies\/2017\/\" class=\"rank-math-html-sitemap__link\">2017<\/a><\/li><li class=\"rank-math-html-sitemap__item\"><a href=\"https:\/\/escenacreadores.com\/va\/residencies\/2017\/\" class=\"rank-math-html-sitemap__link\">2017<\/a><\/li><li class=\"rank-math-html-sitemap__item\"><a href=\"https:\/\/escenacreadores.com\/va\/residencies\/2016\/\" class=\"rank-math-html-sitemap__link\">2016<\/a><\/li><li class=\"rank-math-html-sitemap__item\"><a href=\"https:\/\/escenacreadores.com\/va\/residencies\/2016\/\" class=\"rank-math-html-sitemap__link\">2016<\/a><\/li><li class=\"rank-math-html-sitemap__item\"><a href=\"https:\/\/escenacreadores.com\/va\/residencies\/2015\/\" class=\"rank-math-html-sitemap__link\">2015<\/a><\/li><li class=\"rank-math-html-sitemap__item\"><a href=\"https:\/\/escenacreadores.com\/va\/residencies\/2015\/\" class=\"rank-math-html-sitemap__link\">2015<\/a><\/li><li class=\"rank-math-html-sitemap__item\"><a href=\"https:\/\/escenacreadores.com\/va\/residencies\/2014\/\" class=\"rank-math-html-sitemap__link\">2014<\/a><\/li><li class=\"rank-math-html-sitemap__item\"><a href=\"https:\/\/escenacreadores.com\/va\/residencies\/2014\/\" class=\"rank-math-html-sitemap__link\">2014<\/a><\/li><li class=\"rank-math-html-sitemap__item\"><a href=\"https:\/\/escenacreadores.com\/va\/residencies\/2013\/\" class=\"rank-math-html-sitemap__link\">2013<\/a><\/li><li class=\"rank-math-html-sitemap__item\"><a href=\"https:\/\/escenacreadores.com\/va\/residencies\/2013\/\" class=\"rank-math-html-sitemap__link\">2013<\/a><\/li><\/ul><\/div><div class=\"rank-math-html-sitemap__section rank-math-html-sitemap__section--post-type rank-math-html-sitemap__section--laboratorio\"><h2 class=\"rank-math-html-sitemap__title\">laboratorio<\/h2><ul class=\"rank-math-html-sitemap__list\"><li class=\"rank-math-html-sitemap__item\"><a href=\"https:\/\/escenacreadores.com\/va\/laboratory\/2022\/\" class=\"rank-math-html-sitemap__link\">2022<\/a><\/li><li class=\"rank-math-html-sitemap__item\"><a href=\"https:\/\/escenacreadores.com\/va\/laboratori\/2022\/\" class=\"rank-math-html-sitemap__link\">2022<\/a><\/li><li class=\"rank-math-html-sitemap__item\"><a href=\"https:\/\/escenacreadores.com\/va\/laboratori\/2022\/\" class=\"rank-math-html-sitemap__link\">2022<\/a><\/li><li class=\"rank-math-html-sitemap__item\"><a href=\"https:\/\/escenacreadores.com\/va\/laboratory\/2021\/\" class=\"rank-math-html-sitemap__link\">2021<\/a><\/li><li class=\"rank-math-html-sitemap__item\"><a href=\"https:\/\/escenacreadores.com\/va\/laboratori\/2021\/\" class=\"rank-math-html-sitemap__link\">2021<\/a><\/li><li class=\"rank-math-html-sitemap__item\"><a href=\"https:\/\/escenacreadores.com\/va\/laboratori\/2021\/\" class=\"rank-math-html-sitemap__link\">2021<\/a><\/li><li class=\"rank-math-html-sitemap__item\"><a href=\"https:\/\/escenacreadores.com\/va\/laboratory\/2020\/\" class=\"rank-math-html-sitemap__link\">2020<\/a><\/li><li class=\"rank-math-html-sitemap__item\"><a href=\"https:\/\/escenacreadores.com\/va\/laboratori\/2020\/\" class=\"rank-math-html-sitemap__link\">2020<\/a><\/li><li class=\"rank-math-html-sitemap__item\"><a href=\"https:\/\/escenacreadores.com\/va\/laboratori\/2020\/\" class=\"rank-math-html-sitemap__link\">2020<\/a><\/li><li class=\"rank-math-html-sitemap__item\"><a href=\"https:\/\/escenacreadores.com\/va\/laboratory\/2019\/\" class=\"rank-math-html-sitemap__link\">2019<\/a><\/li><li class=\"rank-math-html-sitemap__item\"><a href=\"https:\/\/escenacreadores.com\/va\/laboratori\/2019\/\" class=\"rank-math-html-sitemap__link\">2019<\/a><\/li><li class=\"rank-math-html-sitemap__item\"><a href=\"https:\/\/escenacreadores.com\/va\/laboratori\/2019\/\" class=\"rank-math-html-sitemap__link\">2019<\/a><\/li><li class=\"rank-math-html-sitemap__item\"><a href=\"https:\/\/escenacreadores.com\/va\/laboratory\/2018\/\" class=\"rank-math-html-sitemap__link\">2018<\/a><\/li><li class=\"rank-math-html-sitemap__item\"><a href=\"https:\/\/escenacreadores.com\/va\/laboratori\/2018\/\" class=\"rank-math-html-sitemap__link\">2018<\/a><\/li><li class=\"rank-math-html-sitemap__item\"><a href=\"https:\/\/escenacreadores.com\/va\/laboratori\/2018\/\" class=\"rank-math-html-sitemap__link\">2018<\/a><\/li><li class=\"rank-math-html-sitemap__item\"><a href=\"https:\/\/escenacreadores.com\/va\/laboratory\/2017\/\" class=\"rank-math-html-sitemap__link\">2017<\/a><\/li><li class=\"rank-math-html-sitemap__item\"><a href=\"https:\/\/escenacreadores.com\/va\/laboratori\/2017\/\" class=\"rank-math-html-sitemap__link\">2017<\/a><\/li><li class=\"rank-math-html-sitemap__item\"><a href=\"https:\/\/escenacreadores.com\/va\/laboratori\/2017\/\" class=\"rank-math-html-sitemap__link\">2017<\/a><\/li><\/ul><\/div><\/div>\n","protected":false},"excerpt":{"rendered":"","protected":false},"author":1,"featured_media":0,"parent":0,"menu_order":0,"comment_status":"closed","ping_status":"closed","template":"","meta":{"_acf_changed":false,"_et_pb_use_builder":"","_et_pb_old_content":"","_et_gb_content_width":"","footnotes":""},"class_list":["post-2833","page","type-page","status-publish","hentry"],"acf":[],"_links":{"self":[{"href":"https:\/\/escenacreadores.com\/va\/wp-json\/wp\/v2\/pages\/2833","targetHints":{"allow":["GET"]}}],"collection":[{"href":"https:\/\/escenacreadores.com\/va\/wp-json\/wp\/v2\/pages"}],"about":[{"href":"https:\/\/escenacreadores.com\/va\/wp-json\/wp\/v2\/types\/page"}],"author":[{"embeddable":true,"href":"https:\/\/escenacreadores.com\/va\/wp-json\/wp\/v2\/users\/1"}],"replies":[{"embeddable":true,"href":"https:\/\/escenacreadores.com\/va\/wp-json\/wp\/v2\/comments?post=2833"}],"version-history":[{"count":2,"href":"https:\/\/escenacreadores.com\/va\/wp-json\/wp\/v2\/pages\/2833\/revisions"}],"predecessor-version":[{"id":2835,"href":"https:\/\/escenacreadores.com\/va\/wp-json\/wp\/v2\/pages\/2833\/revisions\/2835"}],"wp:attachment":[{"href":"https:\/\/escenacreadores.com\/va\/wp-json\/wp\/v2\/media?parent=2833"}],"curies":[{"name":"wp","href":"https:\/\/api.w.org\/{rel}","templated":true}]}}